{"id":317,"date":"2020-03-18T14:52:21","date_gmt":"2020-03-18T14:52:21","guid":{"rendered":"https:\/\/karmeyoga.com\/index.php\/producto\/daily-moisturiser\/"},"modified":"2023-12-14T10:31:59","modified_gmt":"2023-12-14T10:31:59","slug":"daily-moisturiser","status":"publish","type":"product","link":"https:\/\/karmeyoga.com\/index.php\/producto\/daily-moisturiser\/","title":{"rendered":"Japa mala hol\u00edstico &#8211; Soy Valiente"},"content":{"rendered":"<p><b>JAPA MALA HOL\u00cdSTICO, SOY VALIENTE<\/b><\/p>\n<p>Japa Mala de 108 cuentas de Howlite y piedra volc\u00e1nica + piedra Gur\u00fa Volc\u00e1nica, con borla negro.<\/p>\n<p>Gracias a la piedra volc\u00e1nica, podemos a\u00f1adirle una gota de nuestro aceite esencial\u00a0 y disfrutar de su aroma.<\/p>\n<p>&#8212; Howlita, aporta una profunda paz a la meditaci\u00f3n y relajaci\u00f3n.<\/p>\n<p>Abre el chakra coraz\u00f3n y estimula el amor del coraz\u00f3n, incluyendo el amor hacia uno mismo.<\/p>\n<p>Tiene un efecto relajante sobre las emociones, promoviendo la tolerancia del estr\u00e9s emocional.<\/p>\n<p>Da apoyo a personas nerviosas y temerosas, ayudando a superar la irritabilidad y la intolerancia.<\/p>\n<p>La piedra de\u00a0<strong>Howlita<\/strong>\u00a0tiene una carga\u00a0positiva y tranquilizadora. Esta piedra te ayudar\u00e1 a ser menos cr\u00edtico contigo mismo y a tomar decisiones relevantes.<\/p>\n<p>-La roca volc\u00e1nica es una <strong>de las piedras m\u00e1s protectoras que existen\u00a0<\/strong>en la naturaleza. Ayuda a liberar los sentimientos oprimidos, refuerza la seguridad y confianza.\u00a0<strong>Contiene en s\u00ed los cuatro elementos<\/strong>\u00a0tierra, fuego, agua y aire. Equilibra al ser humano y los espacios ya que crea armon\u00eda entre los 4 elementos de la naturaleza. Potencia la creatividad, indicada para emprendedores, l\u00edderes y deportistas. \u00datil para personas indecisas y t\u00edmidas.<\/p>\n<p>Si a todo esto, le a\u00f1adimos un mantra personalizado, como yo soy Valiente<\/p>\n<p>Nos aporta aporta fortaleza, serenidad y confianza de nuevo.<\/p>\n<p>Son piezas realizadas a mano y cada mineral, es \u00fanico.<\/p>\n<p>Donde le pongo todo mi amor \ud83e\udd0d\ud83d\udcff, cada vez que lo planteo, monto, anudo bien y lo m\u00e1s importante lo realizo serena, tranquila, dedic\u00e1ndole el tiempo suficiente para hacerlo sin prisas.<\/p>\n<p>El mejor regalo que puedes recibir o incluso auto regalarte. Porque no hay nada m\u00e1s importante que quererse a uno mismo.<\/p>\n<p>Anudado entre cuentas, artesanalmente.<\/p>\n<p>Medidas : Largo 42 cm, aprox. &#8211; Largo con borla incluida 53 cm aprox..<\/p>\n<p>Recuerda, que cada mineral es una pieza \u00fanica y exclusiva, como lo eres t\u00fa.<\/p>\n<p>Namaste y feliz d\u00eda<\/p>\n","protected":false},"excerpt":{"rendered":"<p><strong>Caracter\u00edsticas de un Japa Mala Aut\u00e9ntico<\/strong><\/p>\n<p>Un Japa Mala aut\u00e9ntico debe cumplir ciertas caracter\u00edsticas para ser considerado un objeto sagrado y adecuado para la pr\u00e1ctica espiritual. A continuaci\u00f3n, se presentan algunas de las caracter\u00edsticas que se deben buscar en un Japa Mala aut\u00e9ntico:<\/p>\n<ul>\n<li><strong>Est\u00e1 hecho de materiales naturales:<\/strong>\u00a0un Japa Mala aut\u00e9ntico debe estar hecho de materiales naturales como semillas, madera, hueso, piedra o cristal. Estos materiales tienen propiedades energ\u00e9ticas y simb\u00f3licas que pueden ayudar en la meditaci\u00f3n.<\/li>\n<li><strong>Tiene 108 cuentas:<\/strong>\u00a0el n\u00famero 108 es considerado sagrado en muchas tradiciones espirituales y por lo tanto, un Japa Mala aut\u00e9ntico debe tener 108 cuentas. Sin embargo, algunos malas pueden tener un n\u00famero diferente de cuentas seg\u00fan la tradici\u00f3n a la que pertenezcan y no ser menos malas. Es importante tener en cuenta el contexto de cada uno.<\/li>\n<li><strong>Tiene una cuenta m\u00e1s grande:<\/strong>\u00a0el Japa Mala tiene una cuenta m\u00e1s grande, llamada \u00abgur\u00fa\u00bb o \u00abmeru\u00bb, que marca el comienzo y el final de las repeticiones de mantras.<\/li>\n<li><strong>Est\u00e1 hecho a mano<\/strong>: un Japa Mala aut\u00e9ntico debe estar hecho a mano con cuidado y dedicaci\u00f3n. Las cuentas deben estar enhebradas de manera uniforme y las uniones deben ser seguras.<\/li>\n<li><strong>Tiene una energ\u00eda positiva:<\/strong>\u00a0un Japa Mala aut\u00e9ntico debe sentirse energ\u00e9ticamente positivo y vibrante. Esto significa que las cuentas deben tener una buena calidad y las energ\u00edas de los materiales deben ser equilibradas.<\/li>\n<\/ul>\n","protected":false},"featured_media":1260,"comment_status":"open","ping_status":"closed","template":"","meta":{"_uag_custom_page_level_css":"","site-sidebar-layout":"no-sidebar","site-content-layout":"boxed-container","ast-site-content-layout":"normal-width-container","site-content-style":"boxed","site-sidebar-style":"boxed","ast-global-header-display":"","ast-banner-title-visibility":"","ast-main-header-display":"","ast-hfb-above-header-display":"","ast-hfb-below-header-display":"","ast-hfb-mobile-header-display":"","site-post-title":"","ast-breadcrumbs-content":"","ast-featured-img":"","footer-sml-layout":"","ast-disable-related-posts":"","theme-transparent-header-meta":"default","adv-header-id-meta":"","stick-header-meta":"","header-above-stick-meta":"","header-main-stick-meta":"","header-below-stick-meta":"","astra-migrate-meta-layouts":"set","ast-page-background-enabled":"default","ast-page-background-meta":{"desktop":{"background-color":"","background-image":"","background-repeat":"repeat","background-position":"center center","background-size":"auto","background-attachment":"scroll","background-type":"","background-media":"","overlay-type":"","overlay-color":"","overlay-opacity":"","overlay-gradient":""},"tablet":{"background-color":"","background-image":"","background-repeat":"repeat","background-position":"center center","background-size":"auto","background-attachment":"scroll","background-type":"","background-media":"","overlay-type":"","overlay-color":"","overlay-opacity":"","overlay-gradient":""},"mobile":{"background-color":"","background-image":"","background-repeat":"repeat","background-position":"center center","background-size":"auto","background-attachment":"scroll","background-type":"","background-media":"","overlay-type":"","overlay-color":"","overlay-opacity":"","overlay-gradient":""}},"ast-content-background-meta":{"desktop":{"background-color":"var(--ast-global-color-5)","background-image":"","background-repeat":"repeat","background-position":"center center","background-size":"auto","background-attachment":"scroll","background-type":"","background-media":"","overlay-type":"","overlay-color":"","overlay-opacity":"","overlay-gradient":""},"tablet":{"background-color":"var(--ast-global-color-5)","background-image":"","background-repeat":"repeat","background-position":"center center","background-size":"auto","background-attachment":"scroll","background-type":"","background-media":"","overlay-type":"","overlay-color":"","overlay-opacity":"","overlay-gradient":""},"mobile":{"background-color":"var(--ast-global-color-5)","background-image":"","background-repeat":"repeat","background-position":"center center","background-size":"auto","background-attachment":"scroll","background-type":"","background-media":"","overlay-type":"","overlay-color":"","overlay-opacity":"","overlay-gradient":""}},"advanced_seo_description":"","jetpack_seo_html_title":"","jetpack_seo_noindex":false},"product_brand":[],"product_cat":[29],"product_tag":[30],"class_list":{"0":"post-317","1":"product","2":"type-product","3":"status-publish","4":"has-post-thumbnail","6":"product_cat-japamala","7":"product_tag-japamala","8":"product_shipping_class-envio-espana-y-peninsula-de-50-a-100-g","9":"desktop-align-left","10":"tablet-align-left","11":"mobile-align-left","13":"first","14":"instock","15":"taxable","16":"shipping-taxable","17":"purchasable","18":"product-type-simple"},"uagb_featured_image_src":{"full":["https:\/\/karmeyoga.com\/wp-content\/uploads\/2020\/03\/20210705_163854-scaled.jpg",1920,2560,false],"thumbnail":["https:\/\/karmeyoga.com\/wp-content\/uploads\/2020\/03\/20210705_163854-150x150.jpg",150,150,true],"medium":["https:\/\/karmeyoga.com\/wp-content\/uploads\/2020\/03\/20210705_163854-225x300.jpg",225,300,true],"medium_large":["https:\/\/karmeyoga.com\/wp-content\/uploads\/2020\/03\/20210705_163854-768x1024.jpg",768,1024,true],"large":["https:\/\/karmeyoga.com\/wp-content\/uploads\/2020\/03\/20210705_163854-768x1024.jpg",768,1024,true],"1536x1536":["https:\/\/karmeyoga.com\/wp-content\/uploads\/2020\/03\/20210705_163854-1152x1536.jpg",1152,1536,true],"2048x2048":["https:\/\/karmeyoga.com\/wp-content\/uploads\/2020\/03\/20210705_163854-1536x2048.jpg",1536,2048,true],"mailpoet_newsletter_max":["https:\/\/karmeyoga.com\/wp-content\/uploads\/2020\/03\/20210705_163854-1320x1760.jpg",1320,1760,true],"woocommerce_thumbnail":["https:\/\/karmeyoga.com\/wp-content\/uploads\/2020\/03\/20210705_163854-300x300.jpg",300,300,true],"woocommerce_single":["https:\/\/karmeyoga.com\/wp-content\/uploads\/2020\/03\/20210705_163854-600x800.jpg",600,800,true],"woocommerce_gallery_thumbnail":["https:\/\/karmeyoga.com\/wp-content\/uploads\/2020\/03\/20210705_163854-100x100.jpg",100,100,true]},"uagb_author_info":{"display_name":"admin","author_link":"https:\/\/karmeyoga.com\/index.php\/author\/"},"uagb_comment_info":0,"uagb_excerpt":"Caracter\u00edsticas de un Japa Mala Aut\u00e9ntico Un Japa Mala aut\u00e9ntico debe cumplir ciertas caracter\u00edsticas para ser considerado un objeto sagrado y adecuado para la pr\u00e1ctica espiritual. A continuaci\u00f3n, se presentan algunas de las caracter\u00edsticas que se deben buscar en un Japa Mala aut\u00e9ntico: Est\u00e1 hecho de materiales naturales:\u00a0un Japa Mala aut\u00e9ntico debe estar hecho de&hellip;","jetpack_sharing_enabled":true,"_links":{"self":[{"href":"https:\/\/karmeyoga.com\/index.php\/wp-json\/wp\/v2\/product\/317","targetHints":{"allow":["GET"]}}],"collection":[{"href":"https:\/\/karmeyoga.com\/index.php\/wp-json\/wp\/v2\/product"}],"about":[{"href":"https:\/\/karmeyoga.com\/index.php\/wp-json\/wp\/v2\/types\/product"}],"replies":[{"embeddable":true,"href":"https:\/\/karmeyoga.com\/index.php\/wp-json\/wp\/v2\/comments?post=317"}],"wp:featuredmedia":[{"embeddable":true,"href":"https:\/\/karmeyoga.com\/index.php\/wp-json\/wp\/v2\/media\/1260"}],"wp:attachment":[{"href":"https:\/\/karmeyoga.com\/index.php\/wp-json\/wp\/v2\/media?parent=317"}],"wp:term":[{"taxonomy":"product_brand","embeddable":true,"href":"https:\/\/karmeyoga.com\/index.php\/wp-json\/wp\/v2\/product_brand?post=317"},{"taxonomy":"product_cat","embeddable":true,"href":"https:\/\/karmeyoga.com\/index.php\/wp-json\/wp\/v2\/product_cat?post=317"},{"taxonomy":"product_tag","embeddable":true,"href":"https:\/\/karmeyoga.com\/index.php\/wp-json\/wp\/v2\/product_tag?post=317"}],"curies":[{"name":"wp","href":"https:\/\/api.w.org\/{rel}","templated":true}]}}