{"id":315,"date":"2020-03-18T14:48:44","date_gmt":"2020-03-18T14:48:44","guid":{"rendered":"https:\/\/karmeyoga.com\/index.php\/producto\/skin-whitening-toner\/"},"modified":"2025-09-19T11:58:41","modified_gmt":"2025-09-19T11:58:41","slug":"funda-esterilla-alegria","status":"publish","type":"product","link":"https:\/\/karmeyoga.com\/index.php\/producto\/funda-esterilla-alegria\/","title":{"rendered":"Funda Esterilla &#8211; Alegr\u00eda"},"content":{"rendered":"","protected":false},"excerpt":{"rendered":"<p><strong>Bolsa de Yoga de Loneta<\/strong><\/p>\n<p>Esta elegante bolsa de loneta est\u00e1 especialmente dise\u00f1ada para guardar y transportar tu esterilla de yoga.<\/p>\n<p>Color verde pistacho, que evoca la sensaci\u00f3n de vitalidad y energ\u00eda. Este color representa la frescura, la juventud y la naturaleza.<\/p>\n<p>La bolsa de yoga tiene un bolsillo de almacenamiento en el interior.<\/p>\n<p>Bolsa pr\u00e1ctica en los desplazamientos, para quienes les gusta llevar su propia esterilla a la clase de yoga, de vacaciones o simplemente al aire libre.<\/p>\n<p>La bolsa se puede abrir\/cerrar mediante un cord\u00f3n, en la parte superior o con la cremallera.<\/p>\n<p>Medidas: 71 cm de largo y 16 cm de di\u00e1metro.<\/p>\n","protected":false},"featured_media":1656,"comment_status":"open","ping_status":"closed","template":"","meta":{"_uag_custom_page_level_css":"","site-sidebar-layout":"no-sidebar","site-content-layout":"boxed-container","ast-site-content-layout":"normal-width-container","site-content-style":"boxed","site-sidebar-style":"boxed","ast-global-header-display":"","ast-banner-title-visibility":"","ast-main-header-display":"","ast-hfb-above-header-display":"","ast-hfb-below-header-display":"","ast-hfb-mobile-header-display":"","site-post-title":"","ast-breadcrumbs-content":"","ast-featured-img":"","footer-sml-layout":"","ast-disable-related-posts":"","theme-transparent-header-meta":"default","adv-header-id-meta":"","stick-header-meta":"","header-above-stick-meta":"","header-main-stick-meta":"","header-below-stick-meta":"","astra-migrate-meta-layouts":"set","ast-page-background-enabled":"default","ast-page-background-meta":{"desktop":{"background-color":"","background-image":"","background-repeat":"repeat","background-position":"center center","background-size":"auto","background-attachment":"scroll","background-type":"","background-media":"","overlay-type":"","overlay-color":"","overlay-opacity":"","overlay-gradient":""},"tablet":{"background-color":"","background-image":"","background-repeat":"repeat","background-position":"center center","background-size":"auto","background-attachment":"scroll","background-type":"","background-media":"","overlay-type":"","overlay-color":"","overlay-opacity":"","overlay-gradient":""},"mobile":{"background-color":"","background-image":"","background-repeat":"repeat","background-position":"center center","background-size":"auto","background-attachment":"scroll","background-type":"","background-media":"","overlay-type":"","overlay-color":"","overlay-opacity":"","overlay-gradient":""}},"ast-content-background-meta":{"desktop":{"background-color":"var(--ast-global-color-5)","background-image":"","background-repeat":"repeat","background-position":"center center","background-size":"auto","background-attachment":"scroll","background-type":"","background-media":"","overlay-type":"","overlay-color":"","overlay-opacity":"","overlay-gradient":""},"tablet":{"background-color":"var(--ast-global-color-5)","background-image":"","background-repeat":"repeat","background-position":"center center","background-size":"auto","background-attachment":"scroll","background-type":"","background-media":"","overlay-type":"","overlay-color":"","overlay-opacity":"","overlay-gradient":""},"mobile":{"background-color":"var(--ast-global-color-5)","background-image":"","background-repeat":"repeat","background-position":"center center","background-size":"auto","background-attachment":"scroll","background-type":"","background-media":"","overlay-type":"","overlay-color":"","overlay-opacity":"","overlay-gradient":""}},"advanced_seo_description":"","jetpack_seo_html_title":"","jetpack_seo_noindex":false},"product_brand":[],"product_cat":[32],"product_tag":[],"class_list":{"0":"post-315","1":"product","2":"type-product","3":"status-publish","4":"has-post-thumbnail","6":"product_cat-funda-esterilla","7":"product_shipping_class-envio-espana-y-peninsula-de-101-a-500-g","8":"desktop-align-left","9":"tablet-align-left","10":"mobile-align-left","12":"first","13":"instock","14":"taxable","15":"shipping-taxable","16":"purchasable","17":"product-type-variable","18":"has-default-attributes"},"uagb_featured_image_src":{"full":["https:\/\/karmeyoga.com\/wp-content\/uploads\/2020\/03\/20240626_125648-rotated.jpg",2160,2160,false],"thumbnail":["https:\/\/karmeyoga.com\/wp-content\/uploads\/2020\/03\/20240626_125648-150x150.jpg",150,150,true],"medium":["https:\/\/karmeyoga.com\/wp-content\/uploads\/2020\/03\/20240626_125648-300x300.jpg",300,300,true],"medium_large":["https:\/\/karmeyoga.com\/wp-content\/uploads\/2020\/03\/20240626_125648-768x768.jpg",768,768,true],"large":["https:\/\/karmeyoga.com\/wp-content\/uploads\/2020\/03\/20240626_125648-1024x1024.jpg",1024,1024,true],"1536x1536":["https:\/\/karmeyoga.com\/wp-content\/uploads\/2020\/03\/20240626_125648-1536x1536.jpg",1536,1536,true],"2048x2048":["https:\/\/karmeyoga.com\/wp-content\/uploads\/2020\/03\/20240626_125648-2048x2048.jpg",2048,2048,true],"mailpoet_newsletter_max":["https:\/\/karmeyoga.com\/wp-content\/uploads\/2020\/03\/20240626_125648-1320x1320.jpg",1320,1320,true],"woocommerce_thumbnail":["https:\/\/karmeyoga.com\/wp-content\/uploads\/2020\/03\/20240626_125648-300x300.jpg",300,300,true],"woocommerce_single":["https:\/\/karmeyoga.com\/wp-content\/uploads\/2020\/03\/20240626_125648-600x600.jpg",600,600,true],"woocommerce_gallery_thumbnail":["https:\/\/karmeyoga.com\/wp-content\/uploads\/2020\/03\/20240626_125648-100x100.jpg",100,100,true]},"uagb_author_info":{"display_name":"admin","author_link":"https:\/\/karmeyoga.com\/index.php\/author\/"},"uagb_comment_info":0,"uagb_excerpt":"Bolsa de Yoga de Loneta Esta elegante bolsa de loneta est\u00e1 especialmente dise\u00f1ada para guardar y transportar tu esterilla de yoga. Color verde pistacho, que evoca la sensaci\u00f3n de vitalidad y energ\u00eda. Este color representa la frescura, la juventud y la naturaleza. La bolsa de yoga tiene un bolsillo de almacenamiento en el interior. Bolsa&hellip;","jetpack_sharing_enabled":true,"_links":{"self":[{"href":"https:\/\/karmeyoga.com\/index.php\/wp-json\/wp\/v2\/product\/315","targetHints":{"allow":["GET"]}}],"collection":[{"href":"https:\/\/karmeyoga.com\/index.php\/wp-json\/wp\/v2\/product"}],"about":[{"href":"https:\/\/karmeyoga.com\/index.php\/wp-json\/wp\/v2\/types\/product"}],"replies":[{"embeddable":true,"href":"https:\/\/karmeyoga.com\/index.php\/wp-json\/wp\/v2\/comments?post=315"}],"wp:featuredmedia":[{"embeddable":true,"href":"https:\/\/karmeyoga.com\/index.php\/wp-json\/wp\/v2\/media\/1656"}],"wp:attachment":[{"href":"https:\/\/karmeyoga.com\/index.php\/wp-json\/wp\/v2\/media?parent=315"}],"wp:term":[{"taxonomy":"product_brand","embeddable":true,"href":"https:\/\/karmeyoga.com\/index.php\/wp-json\/wp\/v2\/product_brand?post=315"},{"taxonomy":"product_cat","embeddable":true,"href":"https:\/\/karmeyoga.com\/index.php\/wp-json\/wp\/v2\/product_cat?post=315"},{"taxonomy":"product_tag","embeddable":true,"href":"https:\/\/karmeyoga.com\/index.php\/wp-json\/wp\/v2\/product_tag?post=315"}],"curies":[{"name":"wp","href":"https:\/\/api.w.org\/{rel}","templated":true}]}}