{"id":2002,"date":"2025-03-17T11:40:19","date_gmt":"2025-03-17T11:40:19","guid":{"rendered":"https:\/\/karmeyoga.com\/?post_type=product&#038;p=2002"},"modified":"2025-03-24T00:26:23","modified_gmt":"2025-03-24T00:26:23","slug":"vela-mosaico-aroma-natural","status":"publish","type":"product","link":"https:\/\/karmeyoga.com\/index.php\/producto\/vela-mosaico-aroma-natural\/","title":{"rendered":"Vela Mosaico elaborada con cera de soja &#8211; Aroma natural"},"content":{"rendered":"<h4>La cera utilizada para su elaboraci\u00f3n es de\u00a0<strong>soja de alta calidad<\/strong> , que hace que sean velas con un aroma especial y suave.<\/h4>\n<p>&nbsp;<\/p>\n<p><strong>Con\u00a0tarro mosaico de cristal verde, reutilizable y reciclable. Ideal, para utilizar de nuevo con velitas de t\u00e9, y seguir d\u00e1ndole vida y creando ambientes acogedores y relajantes en cualquier espacio de tu hogar.<\/strong><\/p>\n<p><strong>Coloca varias velas en un centro de mesa para una cena \u00edntima, en tu rinc\u00f3n preferido de lectura en tu hogar o para usarlas en el ba\u00f1o para un momento de spa en casa.<\/strong><\/p>\n<p><strong>Contenido 125 gr.<\/strong><\/p>\n<p><strong>Precauci\u00f3n:<\/strong> <strong>Nunca dejes una vela encendida sin atenci\u00f3n. Mantener fuera del alcance de los ni\u00f1os y animales dom\u00e9sticos. Deje siempre al menos 10 cm entre velas. No coloque la vela en una corriente de aire. No queme sobre o cerca de cualquier cosa que pueda incendiarse. No quemar la vela en su totalidad para evitar sobrecalentamiento, apague cada 2 horas. Recortar la mecha, dej\u00e1ndola a 0.5 cm, antes de cada encendido.<\/strong><\/p>\n<p>&nbsp;<\/p>\n<p>&nbsp;<\/p>\n","protected":false},"excerpt":{"rendered":"<h2>Vela natural de cera de soja, con aroma natural de la soja. (Vegana)<\/h2>\n<h4><\/h4>\n<h4>Desprende un <strong>olor suave y dulce, aportando paz y tranquilidad. Ideal para la practica de yoga o meditaci\u00f3n.<\/strong><\/h4>\n<p>&nbsp;<\/p>\n<h4>Productos naturales que favorecen la salud y un mundo m\u00e1s sostenible.<\/h4>\n<p>&nbsp;<\/p>\n","protected":false},"featured_media":2005,"comment_status":"open","ping_status":"closed","template":"","meta":{"_uag_custom_page_level_css":"","site-sidebar-layout":"default","site-content-layout":"","ast-site-content-layout":"default","site-content-style":"default","site-sidebar-style":"default","ast-global-header-display":"","ast-banner-title-visibility":"","ast-main-header-display":"","ast-hfb-above-header-display":"","ast-hfb-below-header-display":"","ast-hfb-mobile-header-display":"","site-post-title":"","ast-breadcrumbs-content":"","ast-featured-img":"","footer-sml-layout":"","ast-disable-related-posts":"","theme-transparent-header-meta":"default","adv-header-id-meta":"","stick-header-meta":"","header-above-stick-meta":"","header-main-stick-meta":"","header-below-stick-meta":"","astra-migrate-meta-layouts":"set","ast-page-background-enabled":"default","ast-page-background-meta":{"desktop":{"background-color":"","background-image":"","background-repeat":"repeat","background-position":"center center","background-size":"auto","background-attachment":"scroll","background-type":"","background-media":"","overlay-type":"","overlay-color":"","overlay-opacity":"","overlay-gradient":""},"tablet":{"background-color":"","background-image":"","background-repeat":"repeat","background-position":"center center","background-size":"auto","background-attachment":"scroll","background-type":"","background-media":"","overlay-type":"","overlay-color":"","overlay-opacity":"","overlay-gradient":""},"mobile":{"background-color":"","background-image":"","background-repeat":"repeat","background-position":"center center","background-size":"auto","background-attachment":"scroll","background-type":"","background-media":"","overlay-type":"","overlay-color":"","overlay-opacity":"","overlay-gradient":""}},"ast-content-background-meta":{"desktop":{"background-color":"var(--ast-global-color-5)","background-image":"","background-repeat":"repeat","background-position":"center center","background-size":"auto","background-attachment":"scroll","background-type":"","background-media":"","overlay-type":"","overlay-color":"","overlay-opacity":"","overlay-gradient":""},"tablet":{"background-color":"var(--ast-global-color-5)","background-image":"","background-repeat":"repeat","background-position":"center center","background-size":"auto","background-attachment":"scroll","background-type":"","background-media":"","overlay-type":"","overlay-color":"","overlay-opacity":"","overlay-gradient":""},"mobile":{"background-color":"var(--ast-global-color-5)","background-image":"","background-repeat":"repeat","background-position":"center center","background-size":"auto","background-attachment":"scroll","background-type":"","background-media":"","overlay-type":"","overlay-color":"","overlay-opacity":"","overlay-gradient":""}},"advanced_seo_description":"","jetpack_seo_html_title":"","jetpack_seo_noindex":false},"product_brand":[],"product_cat":[51],"product_tag":[],"class_list":{"0":"post-2002","1":"product","2":"type-product","3":"status-publish","4":"has-post-thumbnail","6":"product_cat-mi-luz","7":"product_shipping_class-envio-espana-y-peninsula-de-101-a-500-g","8":"desktop-align-left","9":"tablet-align-left","10":"mobile-align-left","12":"first","13":"instock","14":"taxable","15":"shipping-taxable","16":"purchasable","17":"product-type-simple"},"uagb_featured_image_src":{"full":["https:\/\/karmeyoga.com\/wp-content\/uploads\/2025\/03\/20250223_150832-rotated.jpg",2160,2160,false],"thumbnail":["https:\/\/karmeyoga.com\/wp-content\/uploads\/2025\/03\/20250223_150832-150x150.jpg",150,150,true],"medium":["https:\/\/karmeyoga.com\/wp-content\/uploads\/2025\/03\/20250223_150832-300x300.jpg",300,300,true],"medium_large":["https:\/\/karmeyoga.com\/wp-content\/uploads\/2025\/03\/20250223_150832-768x768.jpg",768,768,true],"large":["https:\/\/karmeyoga.com\/wp-content\/uploads\/2025\/03\/20250223_150832-1024x1024.jpg",1024,1024,true],"1536x1536":["https:\/\/karmeyoga.com\/wp-content\/uploads\/2025\/03\/20250223_150832-1536x1536.jpg",1536,1536,true],"2048x2048":["https:\/\/karmeyoga.com\/wp-content\/uploads\/2025\/03\/20250223_150832-2048x2048.jpg",2048,2048,true],"mailpoet_newsletter_max":["https:\/\/karmeyoga.com\/wp-content\/uploads\/2025\/03\/20250223_150832-1320x1320.jpg",1320,1320,true],"woocommerce_thumbnail":["https:\/\/karmeyoga.com\/wp-content\/uploads\/2025\/03\/20250223_150832-300x300.jpg",300,300,true],"woocommerce_single":["https:\/\/karmeyoga.com\/wp-content\/uploads\/2025\/03\/20250223_150832-600x600.jpg",600,600,true],"woocommerce_gallery_thumbnail":["https:\/\/karmeyoga.com\/wp-content\/uploads\/2025\/03\/20250223_150832-100x100.jpg",100,100,true]},"uagb_author_info":{"display_name":"admin","author_link":"https:\/\/karmeyoga.com\/index.php\/author\/"},"uagb_comment_info":0,"uagb_excerpt":"Vela natural de cera de soja, con aroma natural de la soja. (Vegana) Desprende un olor suave y dulce, aportando paz y tranquilidad. Ideal para la practica de yoga o meditaci\u00f3n. &nbsp; Productos naturales que favorecen la salud y un mundo m\u00e1s sostenible. &nbsp;","jetpack_sharing_enabled":true,"_links":{"self":[{"href":"https:\/\/karmeyoga.com\/index.php\/wp-json\/wp\/v2\/product\/2002","targetHints":{"allow":["GET"]}}],"collection":[{"href":"https:\/\/karmeyoga.com\/index.php\/wp-json\/wp\/v2\/product"}],"about":[{"href":"https:\/\/karmeyoga.com\/index.php\/wp-json\/wp\/v2\/types\/product"}],"replies":[{"embeddable":true,"href":"https:\/\/karmeyoga.com\/index.php\/wp-json\/wp\/v2\/comments?post=2002"}],"wp:featuredmedia":[{"embeddable":true,"href":"https:\/\/karmeyoga.com\/index.php\/wp-json\/wp\/v2\/media\/2005"}],"wp:attachment":[{"href":"https:\/\/karmeyoga.com\/index.php\/wp-json\/wp\/v2\/media?parent=2002"}],"wp:term":[{"taxonomy":"product_brand","embeddable":true,"href":"https:\/\/karmeyoga.com\/index.php\/wp-json\/wp\/v2\/product_brand?post=2002"},{"taxonomy":"product_cat","embeddable":true,"href":"https:\/\/karmeyoga.com\/index.php\/wp-json\/wp\/v2\/product_cat?post=2002"},{"taxonomy":"product_tag","embeddable":true,"href":"https:\/\/karmeyoga.com\/index.php\/wp-json\/wp\/v2\/product_tag?post=2002"}],"curies":[{"name":"wp","href":"https:\/\/api.w.org\/{rel}","templated":true}]}}