{"id":1859,"date":"2025-01-31T11:44:14","date_gmt":"2025-01-31T11:44:14","guid":{"rendered":"https:\/\/karmeyoga.com\/?post_type=product&#038;p=1859"},"modified":"2025-02-05T17:12:17","modified_gmt":"2025-02-05T17:12:17","slug":"taller-liberar-tensiones-cabeza-hombros-y-brazos","status":"publish","type":"product","link":"https:\/\/karmeyoga.com\/index.php\/producto\/taller-liberar-tensiones-cabeza-hombros-y-brazos\/","title":{"rendered":"TALLER LIBERAR TENSIONES (Cabeza, hombros y brazos)"},"content":{"rendered":"<p>Te invitamos al Taller de Liberaci\u00f3n Miofascial para la zona de cabeza, hombros y brazos, el pr\u00f3ximo 7 de febrero a las 19:30h en Belotus Yoga.<\/p>\n<p>Este taller de dos horas est\u00e1 dise\u00f1ado especialmente para personas que trabajan en oficina, como dependientas, peluqueras, electricistas, en f\u00e1bricas, etc.. donde los brazos se mantienen elevados o sin apoyo, provocando desalineaciones biomec\u00e1nicas y movimientos repetitivos que a la larga pueden llevar a provocar lesiones y dolores cr\u00f3nicos.<\/p>\n<p>En este taller, utilizaremos la innovadora metodolog\u00eda de Fisiom Salud, que fusiona el yoga con la osteopat\u00eda y la fisioterapia.<\/p>\n<p>A trav\u00e9s de movimientos som\u00e1ticos, relajaremos tanto el cuerpo como la mente, prepar\u00e1ndonos para una pr\u00e1ctica \u00fanica que soportes, como la Backmitra, pelotas miofasciales, mantas, bolster &#8230;<\/p>\n<p><strong>Todos son bienvenidos<\/strong><\/p>\n<p>No necesitas experiencia previa en yoga para participar. El taller es apto para todos, sin importar tu nivel de habilidad. Es una oportunidad perfecta para todos aquellos que deseen tomar una pausa y liberar las tensiones acumuladas.<\/p>\n<p>\u00danete a nosotros<br \/>\nPara m\u00e1s informaci\u00f3n, no dudes en consultarme.<\/p>\n<p>\u00a1Nos vemos en Belotus Yoga!<\/p>\n<p>\u00a1Adi\u00f3s al estr\u00e9s!!<\/p>\n","protected":false},"excerpt":{"rendered":"<p><strong>Taller de Liberaci\u00f3n miofascial<\/strong><\/p>\n<p>\u00bfSientes como la presi\u00f3n de tu d\u00eda a d\u00eda, se va acumulando en tus hombros, cabeza y brazos despu\u00e9s de largas jornadas de trabajo?<\/p>\n<p>\u00a1Es hora de liberar esa tensi\u00f3n!<\/p>\n","protected":false},"featured_media":1860,"comment_status":"open","ping_status":"closed","template":"","meta":{"_uag_custom_page_level_css":"","site-sidebar-layout":"default","site-content-layout":"","ast-site-content-layout":"default","site-content-style":"default","site-sidebar-style":"default","ast-global-header-display":"","ast-banner-title-visibility":"","ast-main-header-display":"","ast-hfb-above-header-display":"","ast-hfb-below-header-display":"","ast-hfb-mobile-header-display":"","site-post-title":"","ast-breadcrumbs-content":"","ast-featured-img":"","footer-sml-layout":"","ast-disable-related-posts":"","theme-transparent-header-meta":"default","adv-header-id-meta":"","stick-header-meta":"","header-above-stick-meta":"","header-main-stick-meta":"","header-below-stick-meta":"","astra-migrate-meta-layouts":"set","ast-page-background-enabled":"default","ast-page-background-meta":{"desktop":{"background-color":"","background-image":"","background-repeat":"repeat","background-position":"center center","background-size":"auto","background-attachment":"scroll","background-type":"","background-media":"","overlay-type":"","overlay-color":"","overlay-opacity":"","overlay-gradient":""},"tablet":{"background-color":"","background-image":"","background-repeat":"repeat","background-position":"center center","background-size":"auto","background-attachment":"scroll","background-type":"","background-media":"","overlay-type":"","overlay-color":"","overlay-opacity":"","overlay-gradient":""},"mobile":{"background-color":"","background-image":"","background-repeat":"repeat","background-position":"center center","background-size":"auto","background-attachment":"scroll","background-type":"","background-media":"","overlay-type":"","overlay-color":"","overlay-opacity":"","overlay-gradient":""}},"ast-content-background-meta":{"desktop":{"background-color":"var(--ast-global-color-5)","background-image":"","background-repeat":"repeat","background-position":"center center","background-size":"auto","background-attachment":"scroll","background-type":"","background-media":"","overlay-type":"","overlay-color":"","overlay-opacity":"","overlay-gradient":""},"tablet":{"background-color":"var(--ast-global-color-5)","background-image":"","background-repeat":"repeat","background-position":"center center","background-size":"auto","background-attachment":"scroll","background-type":"","background-media":"","overlay-type":"","overlay-color":"","overlay-opacity":"","overlay-gradient":""},"mobile":{"background-color":"var(--ast-global-color-5)","background-image":"","background-repeat":"repeat","background-position":"center center","background-size":"auto","background-attachment":"scroll","background-type":"","background-media":"","overlay-type":"","overlay-color":"","overlay-opacity":"","overlay-gradient":""}},"advanced_seo_description":"","jetpack_seo_html_title":"","jetpack_seo_noindex":false},"product_brand":[],"product_cat":[40],"product_tag":[],"class_list":{"0":"post-1859","1":"product","2":"type-product","3":"status-publish","4":"has-post-thumbnail","6":"product_cat-taller","7":"desktop-align-left","8":"tablet-align-left","9":"mobile-align-left","11":"first","12":"outofstock","13":"taxable","14":"shipping-taxable","15":"purchasable","16":"product-type-simple"},"uagb_featured_image_src":{"full":["https:\/\/karmeyoga.com\/wp-content\/uploads\/2025\/01\/SOLTAR-TENSIONES-web.jpg",1080,1080,false],"thumbnail":["https:\/\/karmeyoga.com\/wp-content\/uploads\/2025\/01\/SOLTAR-TENSIONES-web-150x150.jpg",150,150,true],"medium":["https:\/\/karmeyoga.com\/wp-content\/uploads\/2025\/01\/SOLTAR-TENSIONES-web-300x300.jpg",300,300,true],"medium_large":["https:\/\/karmeyoga.com\/wp-content\/uploads\/2025\/01\/SOLTAR-TENSIONES-web-768x768.jpg",768,768,true],"large":["https:\/\/karmeyoga.com\/wp-content\/uploads\/2025\/01\/SOLTAR-TENSIONES-web-1024x1024.jpg",1024,1024,true],"1536x1536":["https:\/\/karmeyoga.com\/wp-content\/uploads\/2025\/01\/SOLTAR-TENSIONES-web.jpg",1080,1080,false],"2048x2048":["https:\/\/karmeyoga.com\/wp-content\/uploads\/2025\/01\/SOLTAR-TENSIONES-web.jpg",1080,1080,false],"mailpoet_newsletter_max":["https:\/\/karmeyoga.com\/wp-content\/uploads\/2025\/01\/SOLTAR-TENSIONES-web.jpg",1080,1080,false],"woocommerce_thumbnail":["https:\/\/karmeyoga.com\/wp-content\/uploads\/2025\/01\/SOLTAR-TENSIONES-web-300x300.jpg",300,300,true],"woocommerce_single":["https:\/\/karmeyoga.com\/wp-content\/uploads\/2025\/01\/SOLTAR-TENSIONES-web-600x600.jpg",600,600,true],"woocommerce_gallery_thumbnail":["https:\/\/karmeyoga.com\/wp-content\/uploads\/2025\/01\/SOLTAR-TENSIONES-web-100x100.jpg",100,100,true]},"uagb_author_info":{"display_name":"admin","author_link":"https:\/\/karmeyoga.com\/index.php\/author\/"},"uagb_comment_info":0,"uagb_excerpt":"Taller de Liberaci\u00f3n miofascial \u00bfSientes como la presi\u00f3n de tu d\u00eda a d\u00eda, se va acumulando en tus hombros, cabeza y brazos despu\u00e9s de largas jornadas de trabajo? \u00a1Es hora de liberar esa tensi\u00f3n!","jetpack_sharing_enabled":true,"_links":{"self":[{"href":"https:\/\/karmeyoga.com\/index.php\/wp-json\/wp\/v2\/product\/1859","targetHints":{"allow":["GET"]}}],"collection":[{"href":"https:\/\/karmeyoga.com\/index.php\/wp-json\/wp\/v2\/product"}],"about":[{"href":"https:\/\/karmeyoga.com\/index.php\/wp-json\/wp\/v2\/types\/product"}],"replies":[{"embeddable":true,"href":"https:\/\/karmeyoga.com\/index.php\/wp-json\/wp\/v2\/comments?post=1859"}],"wp:featuredmedia":[{"embeddable":true,"href":"https:\/\/karmeyoga.com\/index.php\/wp-json\/wp\/v2\/media\/1860"}],"wp:attachment":[{"href":"https:\/\/karmeyoga.com\/index.php\/wp-json\/wp\/v2\/media?parent=1859"}],"wp:term":[{"taxonomy":"product_brand","embeddable":true,"href":"https:\/\/karmeyoga.com\/index.php\/wp-json\/wp\/v2\/product_brand?post=1859"},{"taxonomy":"product_cat","embeddable":true,"href":"https:\/\/karmeyoga.com\/index.php\/wp-json\/wp\/v2\/product_cat?post=1859"},{"taxonomy":"product_tag","embeddable":true,"href":"https:\/\/karmeyoga.com\/index.php\/wp-json\/wp\/v2\/product_tag?post=1859"}],"curies":[{"name":"wp","href":"https:\/\/api.w.org\/{rel}","templated":true}]}}