{"id":1708,"date":"2024-08-11T18:39:53","date_gmt":"2024-08-11T18:39:53","guid":{"rendered":"https:\/\/karmeyoga.com\/?post_type=product&#038;p=1708"},"modified":"2024-09-10T06:34:39","modified_gmt":"2024-09-10T06:34:39","slug":"curso-iniciacion-al-yoga","status":"publish","type":"product","link":"https:\/\/karmeyoga.com\/index.php\/producto\/curso-iniciacion-al-yoga\/","title":{"rendered":"CURSO INICIACI\u00d3N AL YOGA"},"content":{"rendered":"","protected":false},"excerpt":{"rendered":"<p>Este es un curso, que inicia el Jueves 5 de Septiembre, con duraci\u00f3n de 4 semanas. Para todas las personas que quieran comenzar a practicar yoga desde cero con las mejores bases.<\/p>\n<p>Comenzamos conectando con el cuerpo y la respiraci\u00f3n y nos vamos poco a poco adentrando en las posturas b\u00e1sicas principales del yoga y las pr\u00e1cticas de saludos al sol.<\/p>\n<p>Donde utilizaremos diferentes accesorios o props, para adaptarlas a sus necesidades.<\/p>\n<p>Introduciendo peque\u00f1as dosis de la filosof\u00eda del Yoga y c\u00f3mo la podemos aplicar a nuestro d\u00eda a d\u00eda.<\/p>\n<p>Al final de este curso tendr\u00e1s las herramientas para poner en pr\u00e1ctica desde tu casa o continuar tu pr\u00e1ctica presencial en Belotus Yoga, para seguir profundizando en esta hermosa ciencia del yoga.<\/p>\n<p>Y tenemos un regalo para t\u00ed. Si despu\u00e9s del curso, quieres formar parte de la familia de Belotus Yoga,\u00a0 Matr\u00edcula GRATUITA<\/p>\n<p>No pierdas la oportunidad de transformar tu vida con el Yoga.<\/p>\n<p>\u00a1Inscr\u00edbete hoy y empieza este hermoso viaje hacia el bienestar!<\/p>\n<p>Recuerda precio especial de 90 Euros, v\u00e1lido para inscripciones hasta las 23:59h del d\u00eda 25 de Agosto.<\/p>\n<p>&nbsp;<\/p>\n<p>&nbsp;<\/p>\n<p>&nbsp;<\/p>\n","protected":false},"featured_media":1709,"comment_status":"open","ping_status":"closed","template":"","meta":{"_uag_custom_page_level_css":"","site-sidebar-layout":"default","site-content-layout":"","ast-site-content-layout":"default","site-content-style":"default","site-sidebar-style":"default","ast-global-header-display":"","ast-banner-title-visibility":"","ast-main-header-display":"","ast-hfb-above-header-display":"","ast-hfb-below-header-display":"","ast-hfb-mobile-header-display":"","site-post-title":"","ast-breadcrumbs-content":"","ast-featured-img":"","footer-sml-layout":"","ast-disable-related-posts":"","theme-transparent-header-meta":"default","adv-header-id-meta":"","stick-header-meta":"","header-above-stick-meta":"","header-main-stick-meta":"","header-below-stick-meta":"","astra-migrate-meta-layouts":"set","ast-page-background-enabled":"default","ast-page-background-meta":{"desktop":{"background-color":"","background-image":"","background-repeat":"repeat","background-position":"center center","background-size":"auto","background-attachment":"scroll","background-type":"","background-media":"","overlay-type":"","overlay-color":"","overlay-opacity":"","overlay-gradient":""},"tablet":{"background-color":"","background-image":"","background-repeat":"repeat","background-position":"center center","background-size":"auto","background-attachment":"scroll","background-type":"","background-media":"","overlay-type":"","overlay-color":"","overlay-opacity":"","overlay-gradient":""},"mobile":{"background-color":"","background-image":"","background-repeat":"repeat","background-position":"center center","background-size":"auto","background-attachment":"scroll","background-type":"","background-media":"","overlay-type":"","overlay-color":"","overlay-opacity":"","overlay-gradient":""}},"ast-content-background-meta":{"desktop":{"background-color":"var(--ast-global-color-5)","background-image":"","background-repeat":"repeat","background-position":"center center","background-size":"auto","background-attachment":"scroll","background-type":"","background-media":"","overlay-type":"","overlay-color":"","overlay-opacity":"","overlay-gradient":""},"tablet":{"background-color":"var(--ast-global-color-5)","background-image":"","background-repeat":"repeat","background-position":"center center","background-size":"auto","background-attachment":"scroll","background-type":"","background-media":"","overlay-type":"","overlay-color":"","overlay-opacity":"","overlay-gradient":""},"mobile":{"background-color":"var(--ast-global-color-5)","background-image":"","background-repeat":"repeat","background-position":"center center","background-size":"auto","background-attachment":"scroll","background-type":"","background-media":"","overlay-type":"","overlay-color":"","overlay-opacity":"","overlay-gradient":""}},"advanced_seo_description":"","jetpack_seo_html_title":"","jetpack_seo_noindex":false},"product_brand":[],"product_cat":[44],"product_tag":[],"class_list":{"0":"post-1708","1":"product","2":"type-product","3":"status-publish","4":"has-post-thumbnail","6":"product_cat-cursos","7":"desktop-align-left","8":"tablet-align-left","9":"mobile-align-left","11":"first","12":"outofstock","13":"taxable","14":"shipping-taxable","15":"purchasable","16":"product-type-simple"},"uagb_featured_image_src":{"full":["https:\/\/karmeyoga.com\/wp-content\/uploads\/2024\/08\/Posible-post-curso-iniciacion-al-yoga.png",1080,1080,false],"thumbnail":["https:\/\/karmeyoga.com\/wp-content\/uploads\/2024\/08\/Posible-post-curso-iniciacion-al-yoga-150x150.png",150,150,true],"medium":["https:\/\/karmeyoga.com\/wp-content\/uploads\/2024\/08\/Posible-post-curso-iniciacion-al-yoga-300x300.png",300,300,true],"medium_large":["https:\/\/karmeyoga.com\/wp-content\/uploads\/2024\/08\/Posible-post-curso-iniciacion-al-yoga-768x768.png",768,768,true],"large":["https:\/\/karmeyoga.com\/wp-content\/uploads\/2024\/08\/Posible-post-curso-iniciacion-al-yoga-1024x1024.png",1024,1024,true],"1536x1536":["https:\/\/karmeyoga.com\/wp-content\/uploads\/2024\/08\/Posible-post-curso-iniciacion-al-yoga.png",1080,1080,false],"2048x2048":["https:\/\/karmeyoga.com\/wp-content\/uploads\/2024\/08\/Posible-post-curso-iniciacion-al-yoga.png",1080,1080,false],"mailpoet_newsletter_max":["https:\/\/karmeyoga.com\/wp-content\/uploads\/2024\/08\/Posible-post-curso-iniciacion-al-yoga.png",1080,1080,false],"woocommerce_thumbnail":["https:\/\/karmeyoga.com\/wp-content\/uploads\/2024\/08\/Posible-post-curso-iniciacion-al-yoga-300x300.png",300,300,true],"woocommerce_single":["https:\/\/karmeyoga.com\/wp-content\/uploads\/2024\/08\/Posible-post-curso-iniciacion-al-yoga-600x600.png",600,600,true],"woocommerce_gallery_thumbnail":["https:\/\/karmeyoga.com\/wp-content\/uploads\/2024\/08\/Posible-post-curso-iniciacion-al-yoga-100x100.png",100,100,true]},"uagb_author_info":{"display_name":"admin","author_link":"https:\/\/karmeyoga.com\/index.php\/author\/"},"uagb_comment_info":0,"uagb_excerpt":"Este es un curso, que inicia el Jueves 5 de Septiembre, con duraci\u00f3n de 4 semanas. Para todas las personas que quieran comenzar a practicar yoga desde cero con las mejores bases. Comenzamos conectando con el cuerpo y la respiraci\u00f3n y nos vamos poco a poco adentrando en las posturas b\u00e1sicas principales del yoga y&hellip;","jetpack_sharing_enabled":true,"_links":{"self":[{"href":"https:\/\/karmeyoga.com\/index.php\/wp-json\/wp\/v2\/product\/1708","targetHints":{"allow":["GET"]}}],"collection":[{"href":"https:\/\/karmeyoga.com\/index.php\/wp-json\/wp\/v2\/product"}],"about":[{"href":"https:\/\/karmeyoga.com\/index.php\/wp-json\/wp\/v2\/types\/product"}],"replies":[{"embeddable":true,"href":"https:\/\/karmeyoga.com\/index.php\/wp-json\/wp\/v2\/comments?post=1708"}],"wp:featuredmedia":[{"embeddable":true,"href":"https:\/\/karmeyoga.com\/index.php\/wp-json\/wp\/v2\/media\/1709"}],"wp:attachment":[{"href":"https:\/\/karmeyoga.com\/index.php\/wp-json\/wp\/v2\/media?parent=1708"}],"wp:term":[{"taxonomy":"product_brand","embeddable":true,"href":"https:\/\/karmeyoga.com\/index.php\/wp-json\/wp\/v2\/product_brand?post=1708"},{"taxonomy":"product_cat","embeddable":true,"href":"https:\/\/karmeyoga.com\/index.php\/wp-json\/wp\/v2\/product_cat?post=1708"},{"taxonomy":"product_tag","embeddable":true,"href":"https:\/\/karmeyoga.com\/index.php\/wp-json\/wp\/v2\/product_tag?post=1708"}],"curies":[{"name":"wp","href":"https:\/\/api.w.org\/{rel}","templated":true}]}}