{"id":1629,"date":"2024-06-29T17:28:05","date_gmt":"2024-06-29T17:28:05","guid":{"rendered":"https:\/\/karmeyoga.com\/?post_type=product&#038;p=1629"},"modified":"2024-07-05T11:07:33","modified_gmt":"2024-07-05T11:07:33","slug":"meditacion-respira","status":"publish","type":"product","link":"https:\/\/karmeyoga.com\/index.php\/producto\/meditacion-respira\/","title":{"rendered":"Meditaci\u00f3n &#8211; Respira"},"content":{"rendered":"<p>La meditaci\u00f3n para reducir el estr\u00e9s puede ayudar a muchas personas que est\u00e1n sometidas a incontables presiones en el trabajo, la familia, las relaciones o incluso la presi\u00f3n de la propia incertidumbre de la vida.<\/p>\n<p>Todo ello puede generar momentos puntuales o continuos de estr\u00e9s y ansiedad que pueden terminar afectando seriamente a la salud.<\/p>\n<blockquote><p>Esta meditaci\u00f3n est\u00e1 especialmente pensada para ayudarte a calmar el estr\u00e9s diario y a explorar tu autoconocimiento para conseguir una mayor calma, aceptaci\u00f3n y ecuanimidad.<\/p>\n<p>El estr\u00e9s y la ansiedad necesitan que te ocupes de ellos con cari\u00f1o, que comprendas en donde nacen para poder liberarlos. La meditaci\u00f3n para reducir el estr\u00e9s te ofrece un tiempo necesario y esencial en el que trabajar por tu bienestar y recuperar as\u00ed tu equilibrio y salud, tanto f\u00edsica como mental.<\/p>\n<p style=\"text-align: left;\"><span style=\"font-size: 16px;\">Meditaci\u00f3n apta para si eres principiante como meditador experto.<\/span><\/p>\n<\/blockquote>\n","protected":false},"excerpt":{"rendered":"<p>Meditaci\u00f3n guiada, para que comiences a meditar de forma f\u00e1cil.<\/p>\n<p>Esta meditaci\u00f3n\u00a0 guiada centrada en la respiraci\u00f3n, te ayudar\u00e1 a calmar el estr\u00e9s y la ansiedad. Aprende a utilizar tu respiraci\u00f3n para relajarte. Cuando meditas consigues crear una mayor calma, aceptaci\u00f3n y ecuanimidad. Esta meditaci\u00f3n tambi\u00e9n te ayudar\u00e1 a estar m\u00e1s presente, atenta y conectar con el momento presente. A tener m\u00e1s conciencia corporal y des-identificaci\u00f3n con las sensaciones corporales. Aa profundizar en tu autoconocimiento para que los liberes y recuperes la tranquilidad y el bienestar.<\/p>\n<p>Transforma tu vida con esta meditaci\u00f3n.<\/p>\n","protected":false},"featured_media":1637,"comment_status":"open","ping_status":"closed","template":"","meta":{"_uag_custom_page_level_css":"","site-sidebar-layout":"default","site-content-layout":"","ast-site-content-layout":"default","site-content-style":"default","site-sidebar-style":"default","ast-global-header-display":"","ast-banner-title-visibility":"","ast-main-header-display":"","ast-hfb-above-header-display":"","ast-hfb-below-header-display":"","ast-hfb-mobile-header-display":"","site-post-title":"","ast-breadcrumbs-content":"","ast-featured-img":"","footer-sml-layout":"","ast-disable-related-posts":"","theme-transparent-header-meta":"default","adv-header-id-meta":"","stick-header-meta":"","header-above-stick-meta":"","header-main-stick-meta":"","header-below-stick-meta":"","astra-migrate-meta-layouts":"set","ast-page-background-enabled":"default","ast-page-background-meta":{"desktop":{"background-color":"","background-image":"","background-repeat":"repeat","background-position":"center center","background-size":"auto","background-attachment":"scroll","background-type":"","background-media":"","overlay-type":"","overlay-color":"","overlay-opacity":"","overlay-gradient":""},"tablet":{"background-color":"","background-image":"","background-repeat":"repeat","background-position":"center center","background-size":"auto","background-attachment":"scroll","background-type":"","background-media":"","overlay-type":"","overlay-color":"","overlay-opacity":"","overlay-gradient":""},"mobile":{"background-color":"","background-image":"","background-repeat":"repeat","background-position":"center center","background-size":"auto","background-attachment":"scroll","background-type":"","background-media":"","overlay-type":"","overlay-color":"","overlay-opacity":"","overlay-gradient":""}},"ast-content-background-meta":{"desktop":{"background-color":"var(--ast-global-color-5)","background-image":"","background-repeat":"repeat","background-position":"center center","background-size":"auto","background-attachment":"scroll","background-type":"","background-media":"","overlay-type":"","overlay-color":"","overlay-opacity":"","overlay-gradient":""},"tablet":{"background-color":"var(--ast-global-color-5)","background-image":"","background-repeat":"repeat","background-position":"center center","background-size":"auto","background-attachment":"scroll","background-type":"","background-media":"","overlay-type":"","overlay-color":"","overlay-opacity":"","overlay-gradient":""},"mobile":{"background-color":"var(--ast-global-color-5)","background-image":"","background-repeat":"repeat","background-position":"center center","background-size":"auto","background-attachment":"scroll","background-type":"","background-media":"","overlay-type":"","overlay-color":"","overlay-opacity":"","overlay-gradient":""}},"advanced_seo_description":"","jetpack_seo_html_title":"","jetpack_seo_noindex":false},"product_brand":[],"product_cat":[43],"product_tag":[],"class_list":{"0":"post-1629","1":"product","2":"type-product","3":"status-publish","4":"has-post-thumbnail","6":"product_cat-regalate-meditaciones","7":"desktop-align-left","8":"tablet-align-left","9":"mobile-align-left","11":"first","12":"instock","13":"sale","14":"featured","15":"downloadable","16":"virtual","17":"taxable","18":"purchasable","19":"product-type-simple"},"uagb_featured_image_src":{"full":["https:\/\/karmeyoga.com\/wp-content\/uploads\/2024\/06\/Plantilla-meditacion-web.png",1080,1080,false],"thumbnail":["https:\/\/karmeyoga.com\/wp-content\/uploads\/2024\/06\/Plantilla-meditacion-web-150x150.png",150,150,true],"medium":["https:\/\/karmeyoga.com\/wp-content\/uploads\/2024\/06\/Plantilla-meditacion-web-300x300.png",300,300,true],"medium_large":["https:\/\/karmeyoga.com\/wp-content\/uploads\/2024\/06\/Plantilla-meditacion-web-768x768.png",768,768,true],"large":["https:\/\/karmeyoga.com\/wp-content\/uploads\/2024\/06\/Plantilla-meditacion-web-1024x1024.png",1024,1024,true],"1536x1536":["https:\/\/karmeyoga.com\/wp-content\/uploads\/2024\/06\/Plantilla-meditacion-web.png",1080,1080,false],"2048x2048":["https:\/\/karmeyoga.com\/wp-content\/uploads\/2024\/06\/Plantilla-meditacion-web.png",1080,1080,false],"mailpoet_newsletter_max":["https:\/\/karmeyoga.com\/wp-content\/uploads\/2024\/06\/Plantilla-meditacion-web.png",1080,1080,false],"woocommerce_thumbnail":["https:\/\/karmeyoga.com\/wp-content\/uploads\/2024\/06\/Plantilla-meditacion-web-300x300.png",300,300,true],"woocommerce_single":["https:\/\/karmeyoga.com\/wp-content\/uploads\/2024\/06\/Plantilla-meditacion-web-600x600.png",600,600,true],"woocommerce_gallery_thumbnail":["https:\/\/karmeyoga.com\/wp-content\/uploads\/2024\/06\/Plantilla-meditacion-web-100x100.png",100,100,true]},"uagb_author_info":{"display_name":"admin","author_link":"https:\/\/karmeyoga.com\/index.php\/author\/"},"uagb_comment_info":0,"uagb_excerpt":"Meditaci\u00f3n guiada, para que comiences a meditar de forma f\u00e1cil. Esta meditaci\u00f3n\u00a0 guiada centrada en la respiraci\u00f3n, te ayudar\u00e1 a calmar el estr\u00e9s y la ansiedad. Aprende a utilizar tu respiraci\u00f3n para relajarte. Cuando meditas consigues crear una mayor calma, aceptaci\u00f3n y ecuanimidad. Esta meditaci\u00f3n tambi\u00e9n te ayudar\u00e1 a estar m\u00e1s presente, atenta y conectar&hellip;","jetpack_sharing_enabled":true,"_links":{"self":[{"href":"https:\/\/karmeyoga.com\/index.php\/wp-json\/wp\/v2\/product\/1629","targetHints":{"allow":["GET"]}}],"collection":[{"href":"https:\/\/karmeyoga.com\/index.php\/wp-json\/wp\/v2\/product"}],"about":[{"href":"https:\/\/karmeyoga.com\/index.php\/wp-json\/wp\/v2\/types\/product"}],"replies":[{"embeddable":true,"href":"https:\/\/karmeyoga.com\/index.php\/wp-json\/wp\/v2\/comments?post=1629"}],"wp:featuredmedia":[{"embeddable":true,"href":"https:\/\/karmeyoga.com\/index.php\/wp-json\/wp\/v2\/media\/1637"}],"wp:attachment":[{"href":"https:\/\/karmeyoga.com\/index.php\/wp-json\/wp\/v2\/media?parent=1629"}],"wp:term":[{"taxonomy":"product_brand","embeddable":true,"href":"https:\/\/karmeyoga.com\/index.php\/wp-json\/wp\/v2\/product_brand?post=1629"},{"taxonomy":"product_cat","embeddable":true,"href":"https:\/\/karmeyoga.com\/index.php\/wp-json\/wp\/v2\/product_cat?post=1629"},{"taxonomy":"product_tag","embeddable":true,"href":"https:\/\/karmeyoga.com\/index.php\/wp-json\/wp\/v2\/product_tag?post=1629"}],"curies":[{"name":"wp","href":"https:\/\/api.w.org\/{rel}","templated":true}]}}