{"id":1613,"date":"2024-05-03T12:00:17","date_gmt":"2024-05-03T12:00:17","guid":{"rendered":"https:\/\/karmeyoga.com\/?post_type=product&#038;p=1613"},"modified":"2025-04-13T09:05:03","modified_gmt":"2025-04-13T09:05:03","slug":"japa-mala-pritvi-madre-tierra","status":"publish","type":"product","link":"https:\/\/karmeyoga.com\/index.php\/producto\/japa-mala-pritvi-madre-tierra\/","title":{"rendered":"Japa Mala &#8211; Prithvi (Madre Tierra)"},"content":{"rendered":"<h2>Caracter\u00edsticas de un Japa Mala Aut\u00e9ntico<\/h2>\n<p>Un Japa Mala aut\u00e9ntico debe cumplir ciertas caracter\u00edsticas para ser considerado un objeto sagrado y adecuado para la pr\u00e1ctica espiritual. A continuaci\u00f3n, se presentan algunas de las caracter\u00edsticas que se deben buscar en un Japa Mala aut\u00e9ntico:<\/p>\n<ul>\n<li><strong>Est\u00e1 hecho de materiales naturales:<\/strong>\u00a0un Japa Mala aut\u00e9ntico debe estar hecho de materiales naturales como semillas, madera, hueso, piedra o cristal. Estos materiales tienen propiedades energ\u00e9ticas y simb\u00f3licas que pueden ayudar en la meditaci\u00f3n.<\/li>\n<li><strong>Tiene 108 cuentas:<\/strong>\u00a0el n\u00famero 108 es considerado sagrado en muchas tradiciones espirituales y por lo tanto, un Japa Mala aut\u00e9ntico debe tener 108 cuentas. Sin embargo, algunos malas pueden tener un n\u00famero diferente de cuentas seg\u00fan la tradici\u00f3n a la que pertenezcan y no ser menos malas. Es importante tener en cuenta el contexto de cada uno.<\/li>\n<li><strong>Tiene una cuenta m\u00e1s grande:<\/strong>\u00a0el Japa Mala tiene una cuenta m\u00e1s grande, llamada \u00abgur\u00fa\u00bb o \u00abmeru\u00bb, que marca el comienzo y el final de las repeticiones de mantras.<\/li>\n<li><strong>Est\u00e1 hecho a mano<\/strong>: un Japa Mala aut\u00e9ntico debe estar hecho a mano con cuidado y dedicaci\u00f3n. Las cuentas deben estar enhebradas de manera uniforme y las uniones deben ser seguras.<\/li>\n<li><strong>Tiene una energ\u00eda positiva:<\/strong>\u00a0un Japa Mala aut\u00e9ntico debe sentirse energ\u00e9ticamente positivo y vibrante. Esto significa que las cuentas deben tener una buena calidad y las energ\u00edas de los materiales deben ser equilibradas.<\/li>\n<\/ul>\n<p>&nbsp;<\/p>\n<p>&nbsp;<\/p>\n<p>&nbsp;<\/p>\n","protected":false},"excerpt":{"rendered":"<p><strong><span style=\"font-size: 16px;\">JAPA MALA &#8211; Prithvi (Madre Tierra)<\/span><\/strong><\/p>\n<p>Seg\u00fan las antiguas escrituras hind\u00faes, Prithvi tamb\u00eden conocida como la diosa de la Tierra, considerada la madre de todos los seres vivos, es una figura importante en la mitolog\u00eda Hind\u00fa.<\/p>\n<p><strong>Japa Mala Jaspe Imperial celeste y turquesa.<\/strong><\/p>\n<p>&#8211; Jaspe Imperial (Celeste), con su tonalidad entre colores tierra y azul celeste, viene de la familia del Jaspe.<\/p>\n<p>Es conocido como el supremo nutridor. Sustenta y da apoyo en momentos de tensi\u00f3n, aportando tranquilidad y plenitud.<\/p>\n<p>Nos hace recordar, que nos ayudemos los unos de los otros.<\/p>\n<p>Por su color, alinea el chakra de la garganta.<\/p>\n<p>Nos conecta con el mundo espiritual, equilibra la energ\u00eda del yin-yang.\u00a0 Tiene un efecto enfriador y sedante, que favorece la relajaci\u00f3n, la sinceridad y la franqueza, ayudan a superar el miedo y a recobrar el \u00e1nimo, a desarrollar fuerza y equilibrio interno.<\/p>\n<p>&#8211; Turquesa : Piedra sanadora y protectora. Tiene una vibraci\u00f3n \u00fanica que resuena con la energ\u00eda de la verdad. Dentro del chakra de la garganta, te ayudar\u00e1 a comunicarte con sinceridad, prudencia y sabidur\u00eda. Su funci\u00f3n sobre el tercer ojo (entrecejo) es ver lo invisible y conocer lo desconocido. Te permitir\u00e1 potenciar la intuici\u00f3n.<\/p>\n<p>Si a todo esto, le a\u00f1adimos el mantra \u00bb Confi\u00f3 plenamente en m\u00ed\u00a0 \u00bb<\/p>\n<p>Nos ayuda a empoderarnos a los desaf\u00edos de nuestro d\u00eda a d\u00eda.<\/p>\n<p>Recordar que son piezas realizadas a mano y que cada mineral, es \u00fanico.<\/p>\n<p>Donde le pongo todo mi amor \ud83e\udd0d\ud83d\udcff, cada vez que lo plante\u00f3, monto, anudo bien y lo m\u00e1s importante lo realiz\u00f3 serena, tranquila, dedic\u00e1ndole el tiempo suficiente para hacerlo sin prisas.<\/p>\n<p>El mejor regalo que puedes recibir o incluso auto regalarte. Porque no hay nada m\u00e1s importante que quererse a uno mismo.<\/p>\n<p>Anudado entre cuentas, artesanalmente.<\/p>\n<p>Medidas : Largo 41 cm, aprox. &#8211; Largo con borla incluida 50\u00a0 cm aprox..<\/p>\n<p>Recuerda, que cada mineral es una pieza \u00fanica y exclusiva, como lo eres t\u00fa.<\/p>\n<p>Mamaste y feliz d\u00eda.<\/p>\n","protected":false},"featured_media":1618,"comment_status":"open","ping_status":"closed","template":"","meta":{"_uag_custom_page_level_css":"","site-sidebar-layout":"default","site-content-layout":"","ast-site-content-layout":"default","site-content-style":"default","site-sidebar-style":"default","ast-global-header-display":"","ast-banner-title-visibility":"","ast-main-header-display":"","ast-hfb-above-header-display":"","ast-hfb-below-header-display":"","ast-hfb-mobile-header-display":"","site-post-title":"","ast-breadcrumbs-content":"","ast-featured-img":"","footer-sml-layout":"","ast-disable-related-posts":"","theme-transparent-header-meta":"default","adv-header-id-meta":"","stick-header-meta":"","header-above-stick-meta":"","header-main-stick-meta":"","header-below-stick-meta":"","astra-migrate-meta-layouts":"set","ast-page-background-enabled":"default","ast-page-background-meta":{"desktop":{"background-color":"","background-image":"","background-repeat":"repeat","background-position":"center center","background-size":"auto","background-attachment":"scroll","background-type":"","background-media":"","overlay-type":"","overlay-color":"","overlay-opacity":"","overlay-gradient":""},"tablet":{"background-color":"","background-image":"","background-repeat":"repeat","background-position":"center center","background-size":"auto","background-attachment":"scroll","background-type":"","background-media":"","overlay-type":"","overlay-color":"","overlay-opacity":"","overlay-gradient":""},"mobile":{"background-color":"","background-image":"","background-repeat":"repeat","background-position":"center center","background-size":"auto","background-attachment":"scroll","background-type":"","background-media":"","overlay-type":"","overlay-color":"","overlay-opacity":"","overlay-gradient":""}},"ast-content-background-meta":{"desktop":{"background-color":"var(--ast-global-color-5)","background-image":"","background-repeat":"repeat","background-position":"center center","background-size":"auto","background-attachment":"scroll","background-type":"","background-media":"","overlay-type":"","overlay-color":"","overlay-opacity":"","overlay-gradient":""},"tablet":{"background-color":"var(--ast-global-color-5)","background-image":"","background-repeat":"repeat","background-position":"center center","background-size":"auto","background-attachment":"scroll","background-type":"","background-media":"","overlay-type":"","overlay-color":"","overlay-opacity":"","overlay-gradient":""},"mobile":{"background-color":"var(--ast-global-color-5)","background-image":"","background-repeat":"repeat","background-position":"center center","background-size":"auto","background-attachment":"scroll","background-type":"","background-media":"","overlay-type":"","overlay-color":"","overlay-opacity":"","overlay-gradient":""}},"advanced_seo_description":"","jetpack_seo_html_title":"","jetpack_seo_noindex":false},"product_brand":[],"product_cat":[29],"product_tag":[],"class_list":{"0":"post-1613","1":"product","2":"type-product","3":"status-publish","4":"has-post-thumbnail","6":"product_cat-japamala","7":"product_shipping_class-envio-espana-y-peninsula-de-50-a-100-g","8":"desktop-align-left","9":"tablet-align-left","10":"mobile-align-left","12":"first","13":"instock","14":"featured","15":"taxable","16":"shipping-taxable","17":"purchasable","18":"product-type-simple"},"uagb_featured_image_src":{"full":["https:\/\/karmeyoga.com\/wp-content\/uploads\/2024\/05\/IMG-20240503-WA0008.jpg",2048,2048,false],"thumbnail":["https:\/\/karmeyoga.com\/wp-content\/uploads\/2024\/05\/IMG-20240503-WA0008-150x150.jpg",150,150,true],"medium":["https:\/\/karmeyoga.com\/wp-content\/uploads\/2024\/05\/IMG-20240503-WA0008-300x300.jpg",300,300,true],"medium_large":["https:\/\/karmeyoga.com\/wp-content\/uploads\/2024\/05\/IMG-20240503-WA0008-768x768.jpg",768,768,true],"large":["https:\/\/karmeyoga.com\/wp-content\/uploads\/2024\/05\/IMG-20240503-WA0008-1024x1024.jpg",1024,1024,true],"1536x1536":["https:\/\/karmeyoga.com\/wp-content\/uploads\/2024\/05\/IMG-20240503-WA0008-1536x1536.jpg",1536,1536,true],"2048x2048":["https:\/\/karmeyoga.com\/wp-content\/uploads\/2024\/05\/IMG-20240503-WA0008.jpg",2048,2048,false],"mailpoet_newsletter_max":["https:\/\/karmeyoga.com\/wp-content\/uploads\/2024\/05\/IMG-20240503-WA0008-1320x1320.jpg",1320,1320,true],"woocommerce_thumbnail":["https:\/\/karmeyoga.com\/wp-content\/uploads\/2024\/05\/IMG-20240503-WA0008-300x300.jpg",300,300,true],"woocommerce_single":["https:\/\/karmeyoga.com\/wp-content\/uploads\/2024\/05\/IMG-20240503-WA0008-600x600.jpg",600,600,true],"woocommerce_gallery_thumbnail":["https:\/\/karmeyoga.com\/wp-content\/uploads\/2024\/05\/IMG-20240503-WA0008-100x100.jpg",100,100,true]},"uagb_author_info":{"display_name":"admin","author_link":"https:\/\/karmeyoga.com\/index.php\/author\/"},"uagb_comment_info":0,"uagb_excerpt":"JAPA MALA - Prithvi (Madre Tierra) Seg\u00fan las antiguas escrituras hind\u00faes, Prithvi tamb\u00eden conocida como la diosa de la Tierra, considerada la madre de todos los seres vivos, es una figura importante en la mitolog\u00eda Hind\u00fa. Japa Mala Jaspe Imperial celeste y turquesa. - Jaspe Imperial (Celeste), con su tonalidad entre colores tierra y azul&hellip;","jetpack_sharing_enabled":true,"_links":{"self":[{"href":"https:\/\/karmeyoga.com\/index.php\/wp-json\/wp\/v2\/product\/1613","targetHints":{"allow":["GET"]}}],"collection":[{"href":"https:\/\/karmeyoga.com\/index.php\/wp-json\/wp\/v2\/product"}],"about":[{"href":"https:\/\/karmeyoga.com\/index.php\/wp-json\/wp\/v2\/types\/product"}],"replies":[{"embeddable":true,"href":"https:\/\/karmeyoga.com\/index.php\/wp-json\/wp\/v2\/comments?post=1613"}],"wp:featuredmedia":[{"embeddable":true,"href":"https:\/\/karmeyoga.com\/index.php\/wp-json\/wp\/v2\/media\/1618"}],"wp:attachment":[{"href":"https:\/\/karmeyoga.com\/index.php\/wp-json\/wp\/v2\/media?parent=1613"}],"wp:term":[{"taxonomy":"product_brand","embeddable":true,"href":"https:\/\/karmeyoga.com\/index.php\/wp-json\/wp\/v2\/product_brand?post=1613"},{"taxonomy":"product_cat","embeddable":true,"href":"https:\/\/karmeyoga.com\/index.php\/wp-json\/wp\/v2\/product_cat?post=1613"},{"taxonomy":"product_tag","embeddable":true,"href":"https:\/\/karmeyoga.com\/index.php\/wp-json\/wp\/v2\/product_tag?post=1613"}],"curies":[{"name":"wp","href":"https:\/\/api.w.org\/{rel}","templated":true}]}}