{"id":1515,"date":"2023-12-15T13:23:33","date_gmt":"2023-12-15T13:23:33","guid":{"rendered":"https:\/\/karmeyoga.com\/?post_type=product&#038;p=1515"},"modified":"2024-05-03T10:28:03","modified_gmt":"2024-05-03T10:28:03","slug":"japa-mala-me-quiero-edicion-especial","status":"publish","type":"product","link":"https:\/\/karmeyoga.com\/index.php\/producto\/japa-mala-me-quiero-edicion-especial\/","title":{"rendered":"Japa Mala &#8211; Me quiero (Edici\u00f3n Especial)"},"content":{"rendered":"<p>JAPA MALA &#8211; ME QUIERO (EDICI\u00d3N ESPECIAL Y LIMITADA \u2764)<\/p>\n<p>Ya sab\u00e9is que este es \u00abel\u00bb mala m\u00e1s bonito para m\u00ed, de todos los que he hecho, hasta ahora.<\/p>\n<p>Y para estas fechas, he realizado una edici\u00f3n especial, cambiando la piedra Guru, por un coraz\u00f3n de cuarzo Rosa.<\/p>\n<p>Este mala me despierta y ofrece, dulzura, calma y amor.<\/p>\n<p>Jaspe madera, Labradorita, Cuarzo rosa, Cuarzo cristal y una cuenta gur\u00fa de cuarzo ROSA, en forma de coraz\u00f3n.<\/p>\n<p>&#8211; Jaspe Madera : Nos aporta \u00e1nimo, tranquilidad, empuje, autoconfianza,<br \/>\nemprendimiento.<\/p>\n<p>&#8211; Labradorita : Nos aporta protecci\u00f3n, fuerza, autoestima.<\/p>\n<p>&#8211; Cuarzo Rosa : Nos aporta amor incondicional, amor hacia uno mismo, uni\u00f3n, energ\u00eda positiva y paz infinita.<\/p>\n<p>&#8211; Cuarzo Cristal : Es un potenciador y amplificador de energ\u00eda positiva, nos aporta protecci\u00f3n, suerte, sanaci\u00f3n, y desbloqueo emocional.<\/p>\n<p>Si a todo esto, le a\u00f1adimos el mantra AHAM PREMA \ud83d\udc96<br \/>\nPronunciaci\u00f3n: Ajam prema.<br \/>\nTraducci\u00f3n del s\u00e1nscrito (Soy Amor), amor puro.<\/p>\n<p>Nos aporta esa conexi\u00f3n con nuestro interior y a sentir ese amor hac\u00eda nosotros mismos.<\/p>\n<p>Recordar que son piezas realizadas a mano y que cada mineral, es \u00fanico.<\/p>\n<p>Donde le pongo todo mi amor \ud83e\udd0d\ud83d\udcff, cada vez que lo plante\u00f3, monto, anudo bien y lo m\u00e1s importante lo realiz\u00f3 serena, tranquila, dedic\u00e1ndole el tiempo suficiente para hacerlo sin prisas.<\/p>\n<p>El mejor regalo que puedes recibir o incluso auto regalarte. Porque no hay nada m\u00e1s importante que quererse a uno mismo.<\/p>\n<p>Anudado entre cuentas, artesanalmente.<\/p>\n<p>Medidas : Largo 41 cm, aprox. &#8211; Largo con borla incluida 52 cm aprox..<\/p>\n<p>Recuerda, que cada mineral es una pieza \u00fanica y exclusiva, como lo eres t\u00fa.<\/p>\n<p>Mamaste y feliz d\u00eda.<\/p>\n","protected":false},"excerpt":{"rendered":"<h2>Caracter\u00edsticas de un Japa Mala Aut\u00e9ntico<\/h2>\n<p>Un Japa Mala aut\u00e9ntico debe cumplir ciertas caracter\u00edsticas para ser considerado un objeto sagrado y adecuado para la pr\u00e1ctica espiritual. A continuaci\u00f3n, se presentan algunas de las caracter\u00edsticas que se deben buscar en un Japa Mala aut\u00e9ntico:<\/p>\n<ul>\n<li><strong>Est\u00e1 hecho de materiales naturales:<\/strong>\u00a0un Japa Mala aut\u00e9ntico debe estar hecho de materiales naturales como semillas, madera, hueso, piedra o cristal. Estos materiales tienen propiedades energ\u00e9ticas y simb\u00f3licas que pueden ayudar en la meditaci\u00f3n.<\/li>\n<li><strong>Tiene 108 cuentas:<\/strong>\u00a0el n\u00famero 108 es considerado sagrado en muchas tradiciones espirituales y por lo tanto, un Japa Mala aut\u00e9ntico debe tener 108 cuentas. Sin embargo, algunos malas pueden tener un n\u00famero diferente de cuentas seg\u00fan la tradici\u00f3n a la que pertenezcan y no ser menos malas. Es importante tener en cuenta el contexto de cada uno.<\/li>\n<li><strong>Tiene una cuenta m\u00e1s grande:<\/strong>\u00a0el Japa Mala tiene una cuenta m\u00e1s grande, llamada \u00abgur\u00fa\u00bb o \u00abmeru\u00bb, que marca el comienzo y el final de las repeticiones de mantras.<\/li>\n<li><strong>Est\u00e1 hecho a mano<\/strong>: un Japa Mala aut\u00e9ntico debe estar hecho a mano con cuidado y dedicaci\u00f3n. Las cuentas deben estar enhebradas de manera uniforme y las uniones deben ser seguras.<\/li>\n<li><strong>Tiene una energ\u00eda positiva:<\/strong>\u00a0un Japa Mala aut\u00e9ntico debe sentirse energ\u00e9ticamente positivo y vibrante. Esto significa que las cuentas deben tener una buena calidad y las energ\u00edas de los materiales deben ser equilibradas.<\/li>\n<\/ul>\n","protected":false},"featured_media":1516,"comment_status":"open","ping_status":"closed","template":"","meta":{"_uag_custom_page_level_css":"","site-sidebar-layout":"default","site-content-layout":"","ast-site-content-layout":"default","site-content-style":"default","site-sidebar-style":"default","ast-global-header-display":"","ast-banner-title-visibility":"","ast-main-header-display":"","ast-hfb-above-header-display":"","ast-hfb-below-header-display":"","ast-hfb-mobile-header-display":"","site-post-title":"","ast-breadcrumbs-content":"","ast-featured-img":"","footer-sml-layout":"","ast-disable-related-posts":"","theme-transparent-header-meta":"default","adv-header-id-meta":"","stick-header-meta":"","header-above-stick-meta":"","header-main-stick-meta":"","header-below-stick-meta":"","astra-migrate-meta-layouts":"set","ast-page-background-enabled":"default","ast-page-background-meta":{"desktop":{"background-color":"","background-image":"","background-repeat":"repeat","background-position":"center center","background-size":"auto","background-attachment":"scroll","background-type":"","background-media":"","overlay-type":"","overlay-color":"","overlay-opacity":"","overlay-gradient":""},"tablet":{"background-color":"","background-image":"","background-repeat":"repeat","background-position":"center center","background-size":"auto","background-attachment":"scroll","background-type":"","background-media":"","overlay-type":"","overlay-color":"","overlay-opacity":"","overlay-gradient":""},"mobile":{"background-color":"","background-image":"","background-repeat":"repeat","background-position":"center center","background-size":"auto","background-attachment":"scroll","background-type":"","background-media":"","overlay-type":"","overlay-color":"","overlay-opacity":"","overlay-gradient":""}},"ast-content-background-meta":{"desktop":{"background-color":"var(--ast-global-color-5)","background-image":"","background-repeat":"repeat","background-position":"center center","background-size":"auto","background-attachment":"scroll","background-type":"","background-media":"","overlay-type":"","overlay-color":"","overlay-opacity":"","overlay-gradient":""},"tablet":{"background-color":"var(--ast-global-color-5)","background-image":"","background-repeat":"repeat","background-position":"center center","background-size":"auto","background-attachment":"scroll","background-type":"","background-media":"","overlay-type":"","overlay-color":"","overlay-opacity":"","overlay-gradient":""},"mobile":{"background-color":"var(--ast-global-color-5)","background-image":"","background-repeat":"repeat","background-position":"center center","background-size":"auto","background-attachment":"scroll","background-type":"","background-media":"","overlay-type":"","overlay-color":"","overlay-opacity":"","overlay-gradient":""}},"advanced_seo_description":"","jetpack_seo_html_title":"","jetpack_seo_noindex":false},"product_brand":[],"product_cat":[29],"product_tag":[],"class_list":{"0":"post-1515","1":"product","2":"type-product","3":"status-publish","4":"has-post-thumbnail","6":"product_cat-japamala","7":"product_shipping_class-envio-espana-y-peninsula-de-50-a-100-g","8":"desktop-align-left","9":"tablet-align-left","10":"mobile-align-left","12":"first","13":"instock","14":"featured","15":"taxable","16":"shipping-taxable","17":"purchasable","18":"product-type-simple"},"uagb_featured_image_src":{"full":["https:\/\/karmeyoga.com\/wp-content\/uploads\/2023\/12\/Mala-me-quiero-edicion-especial-Guru-corazon-Cuarzo-Rosa.jpg",2048,2048,false],"thumbnail":["https:\/\/karmeyoga.com\/wp-content\/uploads\/2023\/12\/Mala-me-quiero-edicion-especial-Guru-corazon-Cuarzo-Rosa-150x150.jpg",150,150,true],"medium":["https:\/\/karmeyoga.com\/wp-content\/uploads\/2023\/12\/Mala-me-quiero-edicion-especial-Guru-corazon-Cuarzo-Rosa-300x300.jpg",300,300,true],"medium_large":["https:\/\/karmeyoga.com\/wp-content\/uploads\/2023\/12\/Mala-me-quiero-edicion-especial-Guru-corazon-Cuarzo-Rosa-768x768.jpg",768,768,true],"large":["https:\/\/karmeyoga.com\/wp-content\/uploads\/2023\/12\/Mala-me-quiero-edicion-especial-Guru-corazon-Cuarzo-Rosa-1024x1024.jpg",1024,1024,true],"1536x1536":["https:\/\/karmeyoga.com\/wp-content\/uploads\/2023\/12\/Mala-me-quiero-edicion-especial-Guru-corazon-Cuarzo-Rosa-1536x1536.jpg",1536,1536,true],"2048x2048":["https:\/\/karmeyoga.com\/wp-content\/uploads\/2023\/12\/Mala-me-quiero-edicion-especial-Guru-corazon-Cuarzo-Rosa.jpg",2048,2048,false],"mailpoet_newsletter_max":["https:\/\/karmeyoga.com\/wp-content\/uploads\/2023\/12\/Mala-me-quiero-edicion-especial-Guru-corazon-Cuarzo-Rosa-1320x1320.jpg",1320,1320,true],"woocommerce_thumbnail":["https:\/\/karmeyoga.com\/wp-content\/uploads\/2023\/12\/Mala-me-quiero-edicion-especial-Guru-corazon-Cuarzo-Rosa-300x300.jpg",300,300,true],"woocommerce_single":["https:\/\/karmeyoga.com\/wp-content\/uploads\/2023\/12\/Mala-me-quiero-edicion-especial-Guru-corazon-Cuarzo-Rosa-600x600.jpg",600,600,true],"woocommerce_gallery_thumbnail":["https:\/\/karmeyoga.com\/wp-content\/uploads\/2023\/12\/Mala-me-quiero-edicion-especial-Guru-corazon-Cuarzo-Rosa-100x100.jpg",100,100,true]},"uagb_author_info":{"display_name":"admin","author_link":"https:\/\/karmeyoga.com\/index.php\/author\/"},"uagb_comment_info":0,"uagb_excerpt":"Caracter\u00edsticas de un Japa Mala Aut\u00e9ntico Un Japa Mala aut\u00e9ntico debe cumplir ciertas caracter\u00edsticas para ser considerado un objeto sagrado y adecuado para la pr\u00e1ctica espiritual. A continuaci\u00f3n, se presentan algunas de las caracter\u00edsticas que se deben buscar en un Japa Mala aut\u00e9ntico: Est\u00e1 hecho de materiales naturales:\u00a0un Japa Mala aut\u00e9ntico debe estar hecho de&hellip;","jetpack_sharing_enabled":true,"_links":{"self":[{"href":"https:\/\/karmeyoga.com\/index.php\/wp-json\/wp\/v2\/product\/1515","targetHints":{"allow":["GET"]}}],"collection":[{"href":"https:\/\/karmeyoga.com\/index.php\/wp-json\/wp\/v2\/product"}],"about":[{"href":"https:\/\/karmeyoga.com\/index.php\/wp-json\/wp\/v2\/types\/product"}],"replies":[{"embeddable":true,"href":"https:\/\/karmeyoga.com\/index.php\/wp-json\/wp\/v2\/comments?post=1515"}],"wp:featuredmedia":[{"embeddable":true,"href":"https:\/\/karmeyoga.com\/index.php\/wp-json\/wp\/v2\/media\/1516"}],"wp:attachment":[{"href":"https:\/\/karmeyoga.com\/index.php\/wp-json\/wp\/v2\/media?parent=1515"}],"wp:term":[{"taxonomy":"product_brand","embeddable":true,"href":"https:\/\/karmeyoga.com\/index.php\/wp-json\/wp\/v2\/product_brand?post=1515"},{"taxonomy":"product_cat","embeddable":true,"href":"https:\/\/karmeyoga.com\/index.php\/wp-json\/wp\/v2\/product_cat?post=1515"},{"taxonomy":"product_tag","embeddable":true,"href":"https:\/\/karmeyoga.com\/index.php\/wp-json\/wp\/v2\/product_tag?post=1515"}],"curies":[{"name":"wp","href":"https:\/\/api.w.org\/{rel}","templated":true}]}}