{"id":1412,"date":"2023-12-02T18:02:49","date_gmt":"2023-12-02T18:02:49","guid":{"rendered":"https:\/\/karmeyoga.com\/?post_type=product&#038;p=1412"},"modified":"2024-11-18T00:15:07","modified_gmt":"2024-11-18T00:15:07","slug":"oxygen","status":"publish","type":"product","link":"https:\/\/karmeyoga.com\/index.php\/producto\/oxygen\/","title":{"rendered":"Almohadilla ojos relax &#8211; Oxygen"},"content":{"rendered":"<p><strong>La relajaci\u00f3n se puede aprender<\/strong><\/p>\n<p>Para relajarse realmente en Shavasana y alcanzar el estado de descanso completo, es importante sentir la relajaci\u00f3n de todo el cuerpo, incluso de los ojos. Como sabemos, los ojos en el sue\u00f1o casi siempre est\u00e1n en constante movimiento y los observadores pueden ver la actividad cerebral a partir de sus movimientos. Es similar durante la fase de relajaci\u00f3n del Yoga. Los ojos simplemente no descansar\u00e1n, porque tu cabeza todav\u00eda est\u00e1 llena de pensamientos, especialmente cuando comienzas tu pr\u00e1ctica de yoga. Esto hace que sea dif\u00edcil relajarse. Las almohadillas para los ojos pueden ser una ayuda pr\u00e1ctica aqu\u00ed, por lo que puede entrar r\u00e1pida y f\u00e1cilmente en la fase de verdadero descanso. Al usar las almohadillas a menudo, su relajaci\u00f3n profunda se desarrollar\u00e1 naturalmente con el tiempo. Las almohadillas incluso pueden ser \u00fatiles entre los ejercicios de yoga, al agregar un breve per\u00edodo de descanso entre cada asana. Con pr\u00e1ctica constante, los ojos, y con ellos el cuerpo, descansan m\u00e1s f\u00e1cilmente. La transici\u00f3n del yoga activo a la relajaci\u00f3n profunda se vuelve m\u00e1s corta con el tiempo. Las almohadas para los ojos tambi\u00e9n pueden ayudar a llevar este descanso a la vida cotidiana.<\/p>\n<p><strong>Caracter\u00edsticas:<\/strong><\/p>\n<ul>\n<li>Saquito interior, algod\u00f3n 100% relleno de arroz y flor de lavanda<\/li>\n<li>Funda exterior extra\u00edble tejido algod\u00f3n 100% (lavable)<\/li>\n<\/ul>\n<p>Tama\u00f1o: 10 X 20 cm. (Las medidas pueden variar un poco, ya que son realizadas artesanalmente)<\/p>\n<p>Peso aproximado: 200 gramos<\/p>\n<p>Color: El color real y el estampado puede ser algo distinto al de la imagen.<\/p>\n","protected":false},"excerpt":{"rendered":"<p><strong>Almohadillas relax para los ojos: ayuda para la relajaci\u00f3n profunda<\/strong><\/p>\n<p>Al final de cada sesi\u00f3n de yoga se practica el savasana, una pr\u00e1ctica de relajaci\u00f3n que se practica acostada boca arriba con los ojos cerrados. Es muy habitual que a pesar de que el cuerpo est\u00e9 relajado, los ojos se muevan constantemente y parezca imposible poder relajarse profundamente. El uso de las almohadillas relax para ojos te ayudar\u00e1n a conseguir esta relajaci\u00f3n profunda.<\/p>\n","protected":false},"featured_media":1413,"comment_status":"open","ping_status":"closed","template":"","meta":{"_uag_custom_page_level_css":"","site-sidebar-layout":"default","site-content-layout":"","ast-site-content-layout":"default","site-content-style":"default","site-sidebar-style":"default","ast-global-header-display":"","ast-banner-title-visibility":"","ast-main-header-display":"","ast-hfb-above-header-display":"","ast-hfb-below-header-display":"","ast-hfb-mobile-header-display":"","site-post-title":"","ast-breadcrumbs-content":"","ast-featured-img":"","footer-sml-layout":"","ast-disable-related-posts":"","theme-transparent-header-meta":"default","adv-header-id-meta":"","stick-header-meta":"","header-above-stick-meta":"","header-main-stick-meta":"","header-below-stick-meta":"","astra-migrate-meta-layouts":"set","ast-page-background-enabled":"default","ast-page-background-meta":{"desktop":{"background-color":"","background-image":"","background-repeat":"repeat","background-position":"center center","background-size":"auto","background-attachment":"scroll","background-type":"","background-media":"","overlay-type":"","overlay-color":"","overlay-opacity":"","overlay-gradient":""},"tablet":{"background-color":"","background-image":"","background-repeat":"repeat","background-position":"center center","background-size":"auto","background-attachment":"scroll","background-type":"","background-media":"","overlay-type":"","overlay-color":"","overlay-opacity":"","overlay-gradient":""},"mobile":{"background-color":"","background-image":"","background-repeat":"repeat","background-position":"center center","background-size":"auto","background-attachment":"scroll","background-type":"","background-media":"","overlay-type":"","overlay-color":"","overlay-opacity":"","overlay-gradient":""}},"ast-content-background-meta":{"desktop":{"background-color":"var(--ast-global-color-5)","background-image":"","background-repeat":"repeat","background-position":"center center","background-size":"auto","background-attachment":"scroll","background-type":"","background-media":"","overlay-type":"","overlay-color":"","overlay-opacity":"","overlay-gradient":""},"tablet":{"background-color":"var(--ast-global-color-5)","background-image":"","background-repeat":"repeat","background-position":"center center","background-size":"auto","background-attachment":"scroll","background-type":"","background-media":"","overlay-type":"","overlay-color":"","overlay-opacity":"","overlay-gradient":""},"mobile":{"background-color":"var(--ast-global-color-5)","background-image":"","background-repeat":"repeat","background-position":"center center","background-size":"auto","background-attachment":"scroll","background-type":"","background-media":"","overlay-type":"","overlay-color":"","overlay-opacity":"","overlay-gradient":""}},"advanced_seo_description":"","jetpack_seo_html_title":"","jetpack_seo_noindex":false},"product_brand":[],"product_cat":[17],"product_tag":[],"class_list":{"0":"post-1412","1":"product","2":"type-product","3":"status-publish","4":"has-post-thumbnail","6":"product_cat-almohadilla-ojos-relax-savasana","7":"product_shipping_class-envio-espana-y-peninsula-de-101-a-500-g","8":"desktop-align-left","9":"tablet-align-left","10":"mobile-align-left","12":"first","13":"instock","14":"taxable","15":"shipping-taxable","16":"purchasable","17":"product-type-simple"},"uagb_featured_image_src":{"full":["https:\/\/karmeyoga.com\/wp-content\/uploads\/2023\/12\/20210821_135244-rotated.jpg",2160,2160,false],"thumbnail":["https:\/\/karmeyoga.com\/wp-content\/uploads\/2023\/12\/20210821_135244-150x150.jpg",150,150,true],"medium":["https:\/\/karmeyoga.com\/wp-content\/uploads\/2023\/12\/20210821_135244-300x300.jpg",300,300,true],"medium_large":["https:\/\/karmeyoga.com\/wp-content\/uploads\/2023\/12\/20210821_135244-768x768.jpg",768,768,true],"large":["https:\/\/karmeyoga.com\/wp-content\/uploads\/2023\/12\/20210821_135244-1024x1024.jpg",1024,1024,true],"1536x1536":["https:\/\/karmeyoga.com\/wp-content\/uploads\/2023\/12\/20210821_135244-1536x1536.jpg",1536,1536,true],"2048x2048":["https:\/\/karmeyoga.com\/wp-content\/uploads\/2023\/12\/20210821_135244-2048x2048.jpg",2048,2048,true],"mailpoet_newsletter_max":["https:\/\/karmeyoga.com\/wp-content\/uploads\/2023\/12\/20210821_135244-1320x1320.jpg",1320,1320,true],"woocommerce_thumbnail":["https:\/\/karmeyoga.com\/wp-content\/uploads\/2023\/12\/20210821_135244-300x300.jpg",300,300,true],"woocommerce_single":["https:\/\/karmeyoga.com\/wp-content\/uploads\/2023\/12\/20210821_135244-600x600.jpg",600,600,true],"woocommerce_gallery_thumbnail":["https:\/\/karmeyoga.com\/wp-content\/uploads\/2023\/12\/20210821_135244-100x100.jpg",100,100,true]},"uagb_author_info":{"display_name":"admin","author_link":"https:\/\/karmeyoga.com\/index.php\/author\/"},"uagb_comment_info":0,"uagb_excerpt":"Almohadillas relax para los ojos: ayuda para la relajaci\u00f3n profunda Al final de cada sesi\u00f3n de yoga se practica el savasana, una pr\u00e1ctica de relajaci\u00f3n que se practica acostada boca arriba con los ojos cerrados. Es muy habitual que a pesar de que el cuerpo est\u00e9 relajado, los ojos se muevan constantemente y parezca imposible&hellip;","jetpack_sharing_enabled":true,"_links":{"self":[{"href":"https:\/\/karmeyoga.com\/index.php\/wp-json\/wp\/v2\/product\/1412","targetHints":{"allow":["GET"]}}],"collection":[{"href":"https:\/\/karmeyoga.com\/index.php\/wp-json\/wp\/v2\/product"}],"about":[{"href":"https:\/\/karmeyoga.com\/index.php\/wp-json\/wp\/v2\/types\/product"}],"replies":[{"embeddable":true,"href":"https:\/\/karmeyoga.com\/index.php\/wp-json\/wp\/v2\/comments?post=1412"}],"wp:featuredmedia":[{"embeddable":true,"href":"https:\/\/karmeyoga.com\/index.php\/wp-json\/wp\/v2\/media\/1413"}],"wp:attachment":[{"href":"https:\/\/karmeyoga.com\/index.php\/wp-json\/wp\/v2\/media?parent=1412"}],"wp:term":[{"taxonomy":"product_brand","embeddable":true,"href":"https:\/\/karmeyoga.com\/index.php\/wp-json\/wp\/v2\/product_brand?post=1412"},{"taxonomy":"product_cat","embeddable":true,"href":"https:\/\/karmeyoga.com\/index.php\/wp-json\/wp\/v2\/product_cat?post=1412"},{"taxonomy":"product_tag","embeddable":true,"href":"https:\/\/karmeyoga.com\/index.php\/wp-json\/wp\/v2\/product_tag?post=1412"}],"curies":[{"name":"wp","href":"https:\/\/api.w.org\/{rel}","templated":true}]}}